{"id":23055,"date":"2026-01-15T20:45:24","date_gmt":"2026-01-15T19:45:24","guid":{"rendered":"https:\/\/charlespain.fr\/?page_id=23055"},"modified":"2026-01-15T23:18:53","modified_gmt":"2026-01-15T22:18:53","slug":"mentions-legales","status":"publish","type":"page","link":"https:\/\/charlespain.fr\/en\/mentions-legales\/","title":{"rendered":"Legal Notice"},"content":{"rendered":"<div data-elementor-type=\"wp-page\" data-elementor-id=\"23055\" class=\"elementor elementor-23055\">\n\t\t\t\t\t\t<section class=\"elementor-section elementor-top-section elementor-element elementor-element-afdddb4 elementor-section-boxed elementor-section-height-default elementor-section-height-default sc_fly_static\" data-id=\"afdddb4\" data-element_type=\"section\" data-e-type=\"section\">\n\t\t\t\t\t\t<div class=\"elementor-container elementor-column-gap-extended\">\n\t\t\t\t\t<div class=\"elementor-column elementor-col-100 elementor-top-column elementor-element elementor-element-5d42fb5 sc_content_align_inherit sc_layouts_column_icons_position_left sc_fly_static\" data-id=\"5d42fb5\" data-element_type=\"column\" data-e-type=\"column\">\n\t\t\t<div class=\"elementor-widget-wrap elementor-element-populated\">\n\t\t\t\t\t\t<div class=\"elementor-element elementor-element-5fdcd90 sc_fly_static elementor-widget elementor-widget-spacer\" data-id=\"5fdcd90\" data-element_type=\"widget\" data-e-type=\"widget\" data-widget_type=\"spacer.default\">\n\t\t\t\t<div class=\"elementor-widget-container\">\n\t\t\t\t\t\t\t<div class=\"elementor-spacer\">\n\t\t\t<div class=\"elementor-spacer-inner\"><\/div>\n\t\t<\/div>\n\t\t\t\t\t\t<\/div>\n\t\t\t\t<\/div>\n\t\t\t\t\t<\/div>\n\t\t<\/div>\n\t\t\t\t\t<\/div>\n\t\t<\/section>\n\t\t\t\t<section class=\"elementor-section elementor-top-section elementor-element elementor-element-360eaf5 elementor-section-boxed elementor-section-height-default elementor-section-height-default sc_fly_static\" data-id=\"360eaf5\" data-element_type=\"section\" data-e-type=\"section\">\n\t\t\t\t\t\t<div class=\"elementor-container elementor-column-gap-extended\">\n\t\t\t\t\t<div class=\"elementor-column elementor-col-100 elementor-top-column elementor-element elementor-element-f5cf9fb sc_content_align_inherit sc_layouts_column_icons_position_left sc_fly_static\" data-id=\"f5cf9fb\" data-element_type=\"column\" data-e-type=\"column\">\n\t\t\t<div class=\"elementor-widget-wrap elementor-element-populated\">\n\t\t\t\t\t\t<div class=\"elementor-element elementor-element-94f36ff sc_fly_static elementor-widget elementor-widget-heading\" data-id=\"94f36ff\" data-element_type=\"widget\" data-e-type=\"widget\" data-widget_type=\"heading.default\">\n\t\t\t\t<div class=\"elementor-widget-container\">\n\t\t\t\t\t<h1 class=\"elementor-heading-title elementor-size-default\">Legal Notice<\/h1>\t\t\t\t<\/div>\n\t\t\t\t<\/div>\n\t\t\t\t\t<\/div>\n\t\t<\/div>\n\t\t\t\t\t<\/div>\n\t\t<\/section>\n\t\t\t\t<section class=\"elementor-section elementor-top-section elementor-element elementor-element-8ca7733 elementor-section-boxed elementor-section-height-default elementor-section-height-default sc_fly_static\" data-id=\"8ca7733\" data-element_type=\"section\" data-e-type=\"section\">\n\t\t\t\t\t\t<div class=\"elementor-container elementor-column-gap-extended\">\n\t\t\t\t\t<div class=\"elementor-column elementor-col-100 elementor-top-column elementor-element elementor-element-2ca8c7c sc_content_align_inherit sc_layouts_column_icons_position_left sc_fly_static\" data-id=\"2ca8c7c\" data-element_type=\"column\" data-e-type=\"column\">\n\t\t\t<div class=\"elementor-widget-wrap elementor-element-populated\">\n\t\t\t\t\t\t<div class=\"elementor-element elementor-element-db5fd25 sc_fly_static elementor-widget elementor-widget-spacer\" data-id=\"db5fd25\" data-element_type=\"widget\" data-e-type=\"widget\" data-widget_type=\"spacer.default\">\n\t\t\t\t<div class=\"elementor-widget-container\">\n\t\t\t\t\t\t\t<div class=\"elementor-spacer\">\n\t\t\t<div class=\"elementor-spacer-inner\"><\/div>\n\t\t<\/div>\n\t\t\t\t\t\t<\/div>\n\t\t\t\t<\/div>\n\t\t\t\t\t<\/div>\n\t\t<\/div>\n\t\t\t\t\t<\/div>\n\t\t<\/section>\n\t\t\t\t<section class=\"elementor-section elementor-top-section elementor-element elementor-element-46cddd5 elementor-section-boxed elementor-section-height-default elementor-section-height-default sc_fly_static\" data-id=\"46cddd5\" data-element_type=\"section\" data-e-type=\"section\">\n\t\t\t\t\t\t<div class=\"elementor-container elementor-column-gap-extended\">\n\t\t\t\t\t<div class=\"elementor-column elementor-col-100 elementor-top-column elementor-element elementor-element-27c43cc sc_content_align_inherit sc_layouts_column_icons_position_left sc_fly_static\" data-id=\"27c43cc\" data-element_type=\"column\" data-e-type=\"column\">\n\t\t\t<div class=\"elementor-widget-wrap elementor-element-populated\">\n\t\t\t\t\t\t<div class=\"elementor-element elementor-element-6906fd0 sc_fly_static elementor-widget elementor-widget-text-editor\" data-id=\"6906fd0\" data-element_type=\"widget\" data-e-type=\"widget\" data-widget_type=\"text-editor.default\">\n\t\t\t\t<div class=\"elementor-widget-container\">\n\t\t\t\t\t\t\t\t\t<h3>Website publisher<\/h3><p>This website is published by:<br \/><strong data-start=\"317\" data-end=\"338\">SARL CHARLES PAIN<\/strong><br data-start=\"338\" data-end=\"341\" \/>Address: CHEZELET, 37220 PANZOULT<br data-start=\"375\" data-end=\"378\" \/>Email : <a class=\"decorated-link cursor-pointer\" rel=\"noopener\" data-start=\"386\" data-end=\"409\">charles.pain@wanadoo.fr<\/a><br data-start=\"409\" data-end=\"412\" \/>SIRET : 413 987 520 00017<br \/>Publication manager: <strong data-start=\"473\" data-end=\"489\">Charles Pain<\/strong><\/p><h3 style=\"color: #000000; font-style: normal; letter-spacing: normal; text-transform: none; text-decoration-thickness: initial; text-decoration-style: initial; text-decoration-color: initial;\" data-start=\"496\" data-end=\"513\">Hosting<\/h3><p>The website is hosted by:<\/p><p><strong data-start=\"541\" data-end=\"554\">GANDI SAS<\/strong><br data-start=\"554\" data-end=\"557\" \/>63-65 boulevard Mass\u00e9na<br data-start=\"580\" data-end=\"583\" \/>75013 Paris \u2013 France<br data-start=\"603\" data-end=\"606\" \/>Website: <a class=\"decorated-link\" href=\"https:\/\/www.gandi.net\" target=\"_new\" rel=\"noopener\" data-start=\"617\" data-end=\"638\">https:\/\/www.gandi.net<\/a><\/p><h3 style=\"color: #000000; font-style: normal; letter-spacing: normal; text-transform: none; text-decoration-thickness: initial; text-decoration-style: initial; text-decoration-color: initial;\" data-start=\"647\" data-end=\"671\">Website design<\/h3><p>The website was designed and created on behalf of <strong data-start=\"732\" data-end=\"753\">SARL CHARLES PAIN<\/strong>.<\/p><h3 style=\"color: #000000; font-style: normal; letter-spacing: normal; text-transform: none; text-decoration-thickness: initial; text-decoration-style: initial; text-decoration-color: initial;\" data-start=\"850\" data-end=\"880\">Intellectual property<\/h3><p>All content on this website (text, images, graphics, logos, icons, downloadable documents, etc.) is the exclusive property of <strong data-start=\"1044\" data-end=\"1065\">SARL CHARLES PAIN<\/strong>, unless otherwise stated.<\/p><p>Any reproduction, representation, modification, publication or adaptation, in whole or in part, of these elements, by any means or process whatsoever, is prohibited without the prior written authorisation of the website publisher.<\/p><h3 style=\"color: #000000; font-style: normal; letter-spacing: normal; text-transform: none; text-decoration-thickness: initial; text-decoration-style: initial; text-decoration-color: initial;\" data-start=\"1332\" data-end=\"1352\">Liability<\/h3><p>The site publisher endeavours to provide information that is as accurate as possible. However, it cannot be held liable for any omissions, inaccuracies or shortcomings in the updating of information.<\/p><p>Use of the website is the sole responsibility of the user.<\/p><h3 style=\"color: #000000; font-style: normal; letter-spacing: normal; text-transform: none; text-decoration-thickness: initial; text-decoration-style: initial; text-decoration-color: initial;\" data-start=\"1656\" data-end=\"1682\">Personal data<\/h3><p>Information relating to the collection and processing of personal data is detailed in the page <strong data-start=\"1795\" data-end=\"1827\">Privacy Policy<\/strong>, in accordance with the General Data Protection Regulation (GDPR).<\/p><h3 style=\"color: #000000; font-style: normal; letter-spacing: normal; text-transform: none; text-decoration-thickness: initial; text-decoration-style: initial; text-decoration-color: initial;\" data-start=\"1907\" data-end=\"1920\">Cookies<\/h3><p>The website does not use any tracking or audience measurement cookies.<br data-start=\"1985\" data-end=\"1988\" \/>No consent banner is required.<\/p>\t\t\t\t\t\t\t\t<\/div>\n\t\t\t\t<\/div>\n\t\t\t\t<div class=\"elementor-element elementor-element-d903810 sc_fly_static elementor-widget elementor-widget-spacer\" data-id=\"d903810\" data-element_type=\"widget\" data-e-type=\"widget\" data-widget_type=\"spacer.default\">\n\t\t\t\t<div class=\"elementor-widget-container\">\n\t\t\t\t\t\t\t<div class=\"elementor-spacer\">\n\t\t\t<div class=\"elementor-spacer-inner\"><\/div>\n\t\t<\/div>\n\t\t\t\t\t\t<\/div>\n\t\t\t\t<\/div>\n\t\t\t\t\t<\/div>\n\t\t<\/div>\n\t\t\t\t\t<\/div>\n\t\t<\/section>\n\t\t\t\t<section class=\"elementor-section elementor-top-section elementor-element elementor-element-468fd23 elementor-section-boxed elementor-section-height-default elementor-section-height-default sc_fly_static\" data-id=\"468fd23\" data-element_type=\"section\" data-e-type=\"section\">\n\t\t\t\t\t\t<div class=\"elementor-container elementor-column-gap-extended\">\n\t\t\t\t\t<div class=\"elementor-column elementor-col-100 elementor-top-column elementor-element elementor-element-3e6bbba sc_content_align_inherit sc_layouts_column_icons_position_left sc_fly_static\" data-id=\"3e6bbba\" data-element_type=\"column\" data-e-type=\"column\">\n\t\t\t<div class=\"elementor-widget-wrap\">\n\t\t\t\t\t\t\t<\/div>\n\t\t<\/div>\n\t\t\t\t\t<\/div>\n\t\t<\/section>\n\t\t\t\t<\/div>","protected":false},"excerpt":{"rendered":"<p>Mentions L\u00e9gales \u00c9diteur du site Le pr\u00e9sent site est \u00e9dit\u00e9 par :SARL CHARLES PAINAdresse : CHEZELET, 37220 PANZOULTEmail : charles.pain@wanadoo.frSIRET : 413 987 520 00017Responsable de la publication : Charles&hellip;<\/p>","protected":false},"author":1,"featured_media":0,"parent":0,"menu_order":0,"comment_status":"closed","ping_status":"closed","template":"elementor_theme","meta":{"footnotes":""},"class_list":["post-23055","page","type-page","status-publish","hentry"],"_links":{"self":[{"href":"https:\/\/charlespain.fr\/en\/wp-json\/wp\/v2\/pages\/23055","targetHints":{"allow":["GET"]}}],"collection":[{"href":"https:\/\/charlespain.fr\/en\/wp-json\/wp\/v2\/pages"}],"about":[{"href":"https:\/\/charlespain.fr\/en\/wp-json\/wp\/v2\/types\/page"}],"author":[{"embeddable":true,"href":"https:\/\/charlespain.fr\/en\/wp-json\/wp\/v2\/users\/1"}],"replies":[{"embeddable":true,"href":"https:\/\/charlespain.fr\/en\/wp-json\/wp\/v2\/comments?post=23055"}],"version-history":[{"count":10,"href":"https:\/\/charlespain.fr\/en\/wp-json\/wp\/v2\/pages\/23055\/revisions"}],"predecessor-version":[{"id":23097,"href":"https:\/\/charlespain.fr\/en\/wp-json\/wp\/v2\/pages\/23055\/revisions\/23097"}],"wp:attachment":[{"href":"https:\/\/charlespain.fr\/en\/wp-json\/wp\/v2\/media?parent=23055"}],"curies":[{"name":"wp","href":"https:\/\/api.w.org\/{rel}","templated":true}]}}